{"id":2039,"date":"2023-04-12T05:58:58","date_gmt":"2023-04-12T04:58:58","guid":{"rendered":"https:\/\/www.triconor.com\/about\/careers\/"},"modified":"2024-06-27T11:34:48","modified_gmt":"2024-06-27T10:34:48","slug":"careers","status":"publish","type":"page","link":"https:\/\/www.triconor.com\/de\/about\/careers\/","title":{"rendered":"Karriere"},"content":{"rendered":"<section class=\"bg-transparent   relative overflow-x-hidden\">\n    <div class=\"container relative z-20\">\n        <div class=\"w-full xl:w-10\/12 md:mx-auto my-8 lg:mb-12\">\n      <div class=\"w-full md:w-1\/2\">\n                          <h2 class=\"normal text-primary\">Logistikmitarbeiter\/in f\u00fcr unser B\u00fcro in Hilversum\/NL (m\/w)<\/h2>\n                <div>\n                      <div class=\"prose lg:prose-lg text-[#374151] mt-6 md:mt-8 lg:mt-10\">\n              <p><strong>Triconor<\/strong><strong> Distribution B.V.<\/strong> ist ein international agierendes Handelsunternehmen im Bereich Rohstoffe, unter anderem f\u00fcr die Lebensmittel-, Kunststoff-, Pharma- und Chemieindustrie, mit Niederlassungen in den Niederlanden und Deutschland. Triconor Distribution B.V. vertritt eine Reihe f\u00fchrender Hersteller und beliefert industrielle Endverbraucher in den BENELUX-L\u00e4ndern und Deutschland. Zur Verst\u00e4rkung unseres Teams in Hilversum suchen wir eine\/n begeisterte\/n und ergebnisorientierte\/n Mitarbeiter\/in.<\/p>\n<p><strong>Logistikmitarbeiter\/in (m\/w)<\/strong><\/p>\n<p>Internationaler Transport und Lagerung von Rohstoffen.<\/p>\n<p>M\u00f6chten Sie f\u00fcr die Verwaltung, den Transport und die Lagerung unserer Rohstoffe verantwortlich sein? Du bringst jede Menge Energie mit, damit alles reibungslos l\u00e4uft und hast Freude daran, Teil eines famili\u00e4ren Teams in einem internationalen Unternehmen zu sein? Dann lesen Sie weiter!<\/p>\n<p><strong>Ihre Aufgaben:<\/strong><\/p>\n<ul>\n<li>Administrative Abwicklung von Lieferungen und Pflege der Lager- und Artikelverwaltung<\/li>\n<li>Optimierung der Lieferkette und der damit verbundenen Kosten<\/li>\n<li>Bearbeitung von Akkreditiven, Import- und Exportdokumenten<\/li>\n<li>Pflege des (t\u00e4glichen) Kontakts mit Transportunternehmen und Lagerhaltern<\/li>\n<li>Besorgung der Zolldokumente und Abwicklung der Zollformalit\u00e4ten<\/li>\n<li>Koordination der verschiedenen Logistiktarife<\/li>\n<li>Minimierung der Transport-, Bearbeitungs- und Lagerkosten soweit, dass die Kontinuit\u00e4t gew\u00e4hrleistet werden kann<\/li>\n<li>Kundenauftragsunterst\u00fctzung und Rechnungsstellung<\/li>\n<li>Gew\u00e4hrleistung der Kontinuit\u00e4t der Arbeit durch effiziente und umsetzbare Planung<\/li>\n<li>Unterst\u00fctzung am Arbeitsplatz, wenn die Umst\u00e4nde es erfordern<\/li>\n<li>Verpacken und Vorbereiten von Musteranfragen f\u00fcr den Versand<\/li>\n<\/ul>\n<p><strong>Was wir suchen:<\/strong><\/p>\n<ul>\n<li>MBO\/HBO-Ausbildungsnievau<\/li>\n<li>Erfahrung in einer vergleichbaren Position innerhalb unserer Branche<\/li>\n<li>Kenntnisse und Einblick in Logistikprozesse, vorzugsweise Kenntnisse in Konzepten wie Sicherheitsdatenbl\u00e4ttern, ADR, ISO, Fami-QS, REACH<\/li>\n<li>Erfahrung mit Microsoft Office und Kenntnisse in &#8220;Exact&#8221; sind ein Muss<\/li>\n<li>M\u00fcndliche und schriftliche Niederl\u00e4ndisch- und Englischkenntnisse<\/li>\n<\/ul>\n<p><strong>Sie sind:<\/strong><\/p>\n<ul>\n<li>Flexibel und effizient<\/li>\n<li>Ein Kommunikationstalent<\/li>\n<li>Ein Organisationstalent, f\u00fcr das Planung eine Selbstverst\u00e4ndlichkeit ist<\/li>\n<li>Ergebnisorientiert, p\u00fcnktlich\/verl\u00e4sslich mit Blick f\u00fcr&#8217;s Detail<\/li>\n<li>Selbstst\u00e4ndig, aber auch ein guter Teamplayer<\/li>\n<li>Begeistert und positiv<\/li>\n<li>Stressresistent, entscheidungsfreudig und l\u00f6sungsorientiert<\/li>\n<\/ul>\n<h2><strong>Wir bieten:<\/strong><\/h2>\n<ul>\n<li>Ein hervorragendes Gehalt<\/li>\n<li>Hervorragende Konditionen<\/li>\n<li>Einen interessanten Vollzeitjob in einem erfolgreichen, tatkr\u00e4ftigen und unterhaltsamen Team<\/li>\n<\/ul>\n<p>Haben wir ein Match? Wenn Sie sich in der Stellenbeschreibung oben wiederfinden und unser Team unterst\u00fctzen m\u00f6chten, freuen wir uns, Sie kennenzulernen. Melden Sie sich gern per Mail unter (Ansprechpartner: Herr Dirk de Heus): <a href=\"mailto:dirkdeheus@triconor.nl\">dirkdeheus@triconor.nl<\/a><\/p>\n<p>F\u00fcr mehr Informationen: <a href=\"http:\/\/www.triconor.com\">www.triconor.com<\/a><\/p>\n<p><strong>Key Account manager \/ Sales Representative (m\/v)<\/strong><\/p>\n<p>Die Triconor Distribution B.V. in Hilversum\/NL ist ein internationaSales Representativeles Handelshaus, von dem auf Basis langfristtiger Vertretungsvertr\u00e4ge Rohstoffe an die lack-, Kunststoff-, Kosmetik- und Lebensmittelindustrie geliefert werden. Im Rahmen unserer weiteren Expansion suchen wir unser deutsches B\u00fcro die Triconor Distribution GmbH mit sitz in Coesfeld kurzfristig eine\/n selbst\u00e4ndige, begeisterter Sales Representative f\u00fcr die Aussendienst in Deutschland.<\/p>\n<p><strong>Aufgaben<\/strong><br \/>\n&#8211; Vertrieb der Produktpaletter an unsere Kunden in den Bereichen Chemie-, Lebensmittel und Tierfutter<br \/>\n&#8211; Neukundenakquise<br \/>\n&#8211; Betreuung und Entwicklung von Bestandskunden in Deutschland<br \/>\n&#8211; Vertragsverhandlungen mit Kunden und Lieferanten<br \/>\n&#8211; Martkbeobachtung zur Weiterentwicklung der Produktpalette<br \/>\n&#8211; Teilname an Messen und Tagungen<br \/>\n&#8211; Zusammenarbeit mit unseren holl\u00e4ndischen Kollegen, gemeinsam Erfolge feiern<\/p>\n<p><strong>Qualifikation<\/strong><br \/>\n&#8211; Kaufm\u00e4nnische Einblicke\/Ausbildung<br \/>\n&#8211; Interesse an Chemie und einige Verst\u00e4ndnis fur technische Zusammenh\u00e4nge ist ein pre<br \/>\n&#8211; Schnelles Erfassen von inhaltlichen Sachzusammenh\u00e4ngen<br \/>\n&#8211; Gute Englischkenntnisse und Anwederkenntnisse mit MS-Office<br \/>\n&#8211; Kontaktfreudig, teamf\u00e4hig und verantwortungsbewusst<br \/>\n&#8211; Begeistert und engagiert<br \/>\n&#8211; Pro aktiv, Selbst\u00e4ndig und flexibel<br \/>\n&#8211; Repr\u00e4sentatives Erscheinungsbild<br \/>\n&#8211; Im besitz von f\u00fchrerschein un bereit sein zu reisen<\/p>\n<p><strong>Benefits<\/strong><br \/>\nTriconor Distribution GmbH ist seit 30 Jahren aktiv im Chemie bereich und ist ein vertrauensw\u00fcrdiger Partner mit langfristige Gesch\u00e4ftsbeziehungen. Unsere kultur ist offen und transparant. Wir bieten dir eine eigenst\u00e4ndige, sofort zu besetzen Stelle, innerhalb dessen du lernen und wachsen kann mit guten Arbeitsbedingungen.<\/p>\n<p>Haben wir ein Match? Wenn Sie sich in der Stellenbeschreibung oben wiederfinden und unser Team unterst\u00fctzen m\u00f6chten, freuen wir uns, Sie kennenzulernen. Melden Sie sich gern per Mail unter (Ansprechpartner: Herr Dirk de Heus): <a href=\"mailto:dirkdeheus@triconor.nl\">dirkdeheus@triconor.nl<\/a><\/p>\n<p>F\u00fcr mehr Informationen: <a href=\"http:\/\/www.triconor.com\">www.triconor.com<\/a><\/p>\n<p>&nbsp;<\/p>\n\n            <\/div>\n                            <\/div>\n      <\/div>\n    <\/div>\n  <\/div>\n<\/section>","protected":false},"excerpt":{"rendered":"","protected":false},"author":1,"featured_media":0,"parent":2037,"menu_order":0,"comment_status":"closed","ping_status":"closed","template":"","meta":{"inline_featured_image":false,"footnotes":""},"class_list":["post-2039","page","type-page","status-publish","hentry"],"acf":[],"yoast_head":"<!-- This site is optimized with the Yoast SEO plugin v23.3 - https:\/\/yoast.com\/wordpress\/plugins\/seo\/ -->\n<title>Karriere | Triconor<\/title>\n<meta name=\"robots\" content=\"index, follow, max-snippet:-1, max-image-preview:large, max-video-preview:-1\" \/>\n<link rel=\"canonical\" href=\"https:\/\/www.triconor.com\/de\/about\/careers\/\" \/>\n<meta property=\"og:locale\" content=\"de_DE\" \/>\n<meta property=\"og:type\" content=\"article\" \/>\n<meta property=\"og:title\" content=\"Karriere | Triconor\" \/>\n<meta property=\"og:url\" content=\"https:\/\/www.triconor.com\/de\/about\/careers\/\" \/>\n<meta property=\"og:site_name\" content=\"Triconor\" \/>\n<meta property=\"article:modified_time\" content=\"2024-06-27T10:34:48+00:00\" \/>\n<meta property=\"og:image\" content=\"https:\/\/triconorspaces.ams3.digitaloceanspaces.com\/20230411064147\/triconor.jpg\" \/>\n\t<meta property=\"og:image:width\" content=\"1440\" \/>\n\t<meta property=\"og:image:height\" content=\"960\" \/>\n\t<meta property=\"og:image:type\" content=\"image\/jpeg\" \/>\n<meta name=\"twitter:card\" content=\"summary_large_image\" \/>\n<script type=\"application\/ld+json\" class=\"yoast-schema-graph\">{\"@context\":\"https:\/\/schema.org\",\"@graph\":[{\"@type\":\"WebPage\",\"@id\":\"https:\/\/www.triconor.com\/de\/about\/careers\/\",\"url\":\"https:\/\/www.triconor.com\/de\/about\/careers\/\",\"name\":\"Karriere | Triconor\",\"isPartOf\":{\"@id\":\"https:\/\/www.triconor.com\/de\/#website\"},\"datePublished\":\"2023-04-12T04:58:58+00:00\",\"dateModified\":\"2024-06-27T10:34:48+00:00\",\"breadcrumb\":{\"@id\":\"https:\/\/www.triconor.com\/de\/about\/careers\/#breadcrumb\"},\"inLanguage\":\"de-DE\",\"potentialAction\":[{\"@type\":\"ReadAction\",\"target\":[\"https:\/\/www.triconor.com\/de\/about\/careers\/\"]}]},{\"@type\":\"BreadcrumbList\",\"@id\":\"https:\/\/www.triconor.com\/de\/about\/careers\/#breadcrumb\",\"itemListElement\":[{\"@type\":\"ListItem\",\"position\":1,\"name\":\"Home\",\"item\":\"https:\/\/www.triconor.com\/de\/\"},{\"@type\":\"ListItem\",\"position\":2,\"name\":\"\u00dcber uns\",\"item\":\"https:\/\/www.triconor.com\/de\/about\/\"},{\"@type\":\"ListItem\",\"position\":3,\"name\":\"Karriere\"}]},{\"@type\":\"WebSite\",\"@id\":\"https:\/\/www.triconor.com\/de\/#website\",\"url\":\"https:\/\/www.triconor.com\/de\/\",\"name\":\"Triconor\",\"description\":\"Delivering chemical excellence, worldwide\",\"publisher\":{\"@id\":\"https:\/\/www.triconor.com\/de\/#organization\"},\"potentialAction\":[{\"@type\":\"SearchAction\",\"target\":{\"@type\":\"EntryPoint\",\"urlTemplate\":\"https:\/\/www.triconor.com\/de\/?s={search_term_string}\"},\"query-input\":\"required name=search_term_string\"}],\"inLanguage\":\"de-DE\"},{\"@type\":\"Organization\",\"@id\":\"https:\/\/www.triconor.com\/de\/#organization\",\"name\":\"Triconor\",\"url\":\"https:\/\/www.triconor.com\/de\/\",\"logo\":{\"@type\":\"ImageObject\",\"inLanguage\":\"de-DE\",\"@id\":\"https:\/\/www.triconor.com\/de\/#\/schema\/logo\/image\/\",\"url\":\"https:\/\/triconorspaces.ams3.digitaloceanspaces.com\/20230802152201\/logo.a1d488.svg\",\"contentUrl\":\"https:\/\/triconorspaces.ams3.digitaloceanspaces.com\/20230802152201\/logo.a1d488.svg\",\"width\":\"1024\",\"height\":\"1024\",\"caption\":\"Triconor\"},\"image\":{\"@id\":\"https:\/\/www.triconor.com\/de\/#\/schema\/logo\/image\/\"}}]}<\/script>\n<!-- \/ Yoast SEO plugin. -->","yoast_head_json":{"title":"Karriere | Triconor","robots":{"index":"index","follow":"follow","max-snippet":"max-snippet:-1","max-image-preview":"max-image-preview:large","max-video-preview":"max-video-preview:-1"},"canonical":"https:\/\/www.triconor.com\/de\/about\/careers\/","og_locale":"de_DE","og_type":"article","og_title":"Karriere | Triconor","og_url":"https:\/\/www.triconor.com\/de\/about\/careers\/","og_site_name":"Triconor","article_modified_time":"2024-06-27T10:34:48+00:00","og_image":[{"width":1440,"height":960,"url":"https:\/\/triconorspaces.ams3.digitaloceanspaces.com\/20230411064147\/triconor.jpg","type":"image\/jpeg"}],"twitter_card":"summary_large_image","schema":{"@context":"https:\/\/schema.org","@graph":[{"@type":"WebPage","@id":"https:\/\/www.triconor.com\/de\/about\/careers\/","url":"https:\/\/www.triconor.com\/de\/about\/careers\/","name":"Karriere | Triconor","isPartOf":{"@id":"https:\/\/www.triconor.com\/de\/#website"},"datePublished":"2023-04-12T04:58:58+00:00","dateModified":"2024-06-27T10:34:48+00:00","breadcrumb":{"@id":"https:\/\/www.triconor.com\/de\/about\/careers\/#breadcrumb"},"inLanguage":"de-DE","potentialAction":[{"@type":"ReadAction","target":["https:\/\/www.triconor.com\/de\/about\/careers\/"]}]},{"@type":"BreadcrumbList","@id":"https:\/\/www.triconor.com\/de\/about\/careers\/#breadcrumb","itemListElement":[{"@type":"ListItem","position":1,"name":"Home","item":"https:\/\/www.triconor.com\/de\/"},{"@type":"ListItem","position":2,"name":"\u00dcber uns","item":"https:\/\/www.triconor.com\/de\/about\/"},{"@type":"ListItem","position":3,"name":"Karriere"}]},{"@type":"WebSite","@id":"https:\/\/www.triconor.com\/de\/#website","url":"https:\/\/www.triconor.com\/de\/","name":"Triconor","description":"Delivering chemical excellence, worldwide","publisher":{"@id":"https:\/\/www.triconor.com\/de\/#organization"},"potentialAction":[{"@type":"SearchAction","target":{"@type":"EntryPoint","urlTemplate":"https:\/\/www.triconor.com\/de\/?s={search_term_string}"},"query-input":"required name=search_term_string"}],"inLanguage":"de-DE"},{"@type":"Organization","@id":"https:\/\/www.triconor.com\/de\/#organization","name":"Triconor","url":"https:\/\/www.triconor.com\/de\/","logo":{"@type":"ImageObject","inLanguage":"de-DE","@id":"https:\/\/www.triconor.com\/de\/#\/schema\/logo\/image\/","url":"https:\/\/triconorspaces.ams3.digitaloceanspaces.com\/20230802152201\/logo.a1d488.svg","contentUrl":"https:\/\/triconorspaces.ams3.digitaloceanspaces.com\/20230802152201\/logo.a1d488.svg","width":"1024","height":"1024","caption":"Triconor"},"image":{"@id":"https:\/\/www.triconor.com\/de\/#\/schema\/logo\/image\/"}}]}},"_links":{"self":[{"href":"https:\/\/www.triconor.com\/de\/wp-json\/wp\/v2\/pages\/2039"}],"collection":[{"href":"https:\/\/www.triconor.com\/de\/wp-json\/wp\/v2\/pages"}],"about":[{"href":"https:\/\/www.triconor.com\/de\/wp-json\/wp\/v2\/types\/page"}],"author":[{"embeddable":true,"href":"https:\/\/www.triconor.com\/de\/wp-json\/wp\/v2\/users\/1"}],"replies":[{"embeddable":true,"href":"https:\/\/www.triconor.com\/de\/wp-json\/wp\/v2\/comments?post=2039"}],"version-history":[{"count":11,"href":"https:\/\/www.triconor.com\/de\/wp-json\/wp\/v2\/pages\/2039\/revisions"}],"predecessor-version":[{"id":2317,"href":"https:\/\/www.triconor.com\/de\/wp-json\/wp\/v2\/pages\/2039\/revisions\/2317"}],"up":[{"embeddable":true,"href":"https:\/\/www.triconor.com\/de\/wp-json\/wp\/v2\/pages\/2037"}],"wp:attachment":[{"href":"https:\/\/www.triconor.com\/de\/wp-json\/wp\/v2\/media?parent=2039"}],"curies":[{"name":"wp","href":"https:\/\/api.w.org\/{rel}","templated":true}]}}