{"id":2038,"date":"2023-07-12T07:57:27","date_gmt":"2023-07-12T06:57:27","guid":{"rendered":"https:\/\/www.triconor.com\/about\/extended-services\/"},"modified":"2024-03-04T14:06:05","modified_gmt":"2024-03-04T13:06:05","slug":"extended-services","status":"publish","type":"page","link":"https:\/\/www.triconor.com\/de\/about\/extended-services\/","title":{"rendered":"Erweiterte Leistungen"},"content":{"rendered":"<header class=\"!pt-0 p-4 md:p-5 lg:p-6 items-center justify-center overflow-hidden\">\n    <div class=\"  relative rounded-2xl overflow-hidden py-16 md:py-24 lg:py-32 \">\n      <div class=\"container relative z-20\">\n        <div class=\"text-white md:pr-24 lg:pr-0\">\n                      <h4 class=\"subtitle\">\u00dcber uns<\/h4>\n                               <h1 class=\"normal max-w-4xl\">Erweiterte Leistungen<\/h1>\n                                      <\/div>\n      <\/div>\n              <div class=\"absolute inset-0 w-full\">\n          <img loading=\"lazy\" decoding=\"async\" width=\"1920\" height=\"1280\" data-src=\"https:\/\/triconorspaces.ams3.digitaloceanspaces.com\/20230727134405\/bernd-dittrich-P_-S57fiFwE-unsplash.jpg\" class=\"absolute inset-0 w-full h-full object-cover object-center lazyload\" alt=\"\" data-srcset=\"https:\/\/triconorspaces.ams3.digitaloceanspaces.com\/20230727134405\/bernd-dittrich-P_-S57fiFwE-unsplash.jpg 1920w, https:\/\/triconorspaces.ams3.digitaloceanspaces.com\/20230727134405\/bernd-dittrich-P_-S57fiFwE-unsplash-300x200.jpg 300w, https:\/\/triconorspaces.ams3.digitaloceanspaces.com\/20230727134405\/bernd-dittrich-P_-S57fiFwE-unsplash-1024x683.jpg 1024w, https:\/\/triconorspaces.ams3.digitaloceanspaces.com\/20230727134405\/bernd-dittrich-P_-S57fiFwE-unsplash-768x512.jpg 768w, https:\/\/triconorspaces.ams3.digitaloceanspaces.com\/20230727134405\/bernd-dittrich-P_-S57fiFwE-unsplash-1536x1024.jpg 1536w\" data-sizes=\"(max-width: 1920px) 100vw, 1920px\" src=\"data:image\/gif;base64,R0lGODlhAQABAAAAACH5BAEKAAEALAAAAAABAAEAAAICTAEAOw==\" style=\"--smush-placeholder-width: 1920px; --smush-placeholder-aspect-ratio: 1920\/1280;\" \/><noscript><img loading=\"lazy\" decoding=\"async\" width=\"1920\" height=\"1280\" src=\"https:\/\/triconorspaces.ams3.digitaloceanspaces.com\/20230727134405\/bernd-dittrich-P_-S57fiFwE-unsplash.jpg\" class=\"absolute inset-0 w-full h-full object-cover object-center\" alt=\"\" srcset=\"https:\/\/triconorspaces.ams3.digitaloceanspaces.com\/20230727134405\/bernd-dittrich-P_-S57fiFwE-unsplash.jpg 1920w, https:\/\/triconorspaces.ams3.digitaloceanspaces.com\/20230727134405\/bernd-dittrich-P_-S57fiFwE-unsplash-300x200.jpg 300w, https:\/\/triconorspaces.ams3.digitaloceanspaces.com\/20230727134405\/bernd-dittrich-P_-S57fiFwE-unsplash-1024x683.jpg 1024w, https:\/\/triconorspaces.ams3.digitaloceanspaces.com\/20230727134405\/bernd-dittrich-P_-S57fiFwE-unsplash-768x512.jpg 768w, https:\/\/triconorspaces.ams3.digitaloceanspaces.com\/20230727134405\/bernd-dittrich-P_-S57fiFwE-unsplash-1536x1024.jpg 1536w\" sizes=\"(max-width: 1920px) 100vw, 1920px\" \/><\/noscript>        <\/div>\n            <div class=\"absolute inset-0 bg-gradient-to-b from-primary to-transparent opacity-10\"><\/div>\n      <div class=\"absolute inset-0 bg-gradient-to-b from-black to-transparent opacity-20\"><\/div>\n    <\/div>\n  <\/header>\n\n<section class=\"bg-transparent   relative overflow-x-hidden\">\n      <div>\n      <svg class=\"absolute inset-y-0 w-full h-full object-contain pointer-events-none text-white opacity-50 left-0 transform -translate-x-1\/3\" xmlns=\"http:\/\/www.w3.org\/2000\/svg\" viewBox=\"0 0 500 500\" width=\"100%\" id=\"blobSvg\">\n          <path id=\"blob\" stroke=\"transparent\" fill=\"currentColor\" style=\"opacity: 1;\">\n            <animate attributeName=\"d\" dur=\"15000ms\" repeatCount=\"indefinite\" values=\"M440.5,320.5Q418,391,355.5,442.5Q293,494,226,450.5Q159,407,99,367Q39,327,31.5,247.5Q24,168,89,125.5Q154,83,219.5,68Q285,53,335.5,94.5Q386,136,424.5,193Q463,250,440.5,320.5Z;M453.78747,319.98894Q416.97789,389.97789,353.96683,436.87838Q290.95577,483.77887,223.95577,447.43366Q156.95577,411.08845,105.64373,365.97789Q54.33169,320.86732,62.67444,252.61056Q71.01719,184.3538,113.01965,135.21007Q155.02211,86.06634,220.52211,66.46683Q286.02211,46.86732,335.5,91.94472Q384.97789,137.02211,437.78747,193.51106Q490.59704,250,453.78747,319.98894Z;M411.39826,313.90633Q402.59677,377.81265,342.92059,407.63957Q283.24442,437.46649,215.13648,432.5428Q147.02853,427.61911,82.23325,380.9572Q17.43796,334.29529,20.45223,250.83809Q23.46649,167.38089,82.5856,115.05707Q141.70471,62.73325,212.19045,63.73015Q282.67618,64.72705,352.67308,84.79839Q422.66998,104.86972,421.43486,177.43486Q420.19974,250,411.39826,313.90633Z;M440.5,320.5Q418,391,355.5,442.5Q293,494,226,450.5Q159,407,99,367Q39,327,31.5,247.5Q24,168,89,125.5Q154,83,219.5,68Q285,53,335.5,94.5Q386,136,424.5,193Q463,250,440.5,320.5Z;\"><\/animate>\n          <\/path>\n        <\/svg>\n    <\/div>\n    <div class=\"container relative z-20\">\n                  <div class=\"md:hidden lg:block relative md:absolute md:top-0 md:transform md:-translate-y-24 md:translate-x-1\/2 md:-right-28 xl:right-0 h-auto md:h-full mx-auto w-10\/12 md:w-[32rem]\">\n          <svg version=\"1.1\" xmlns=\"http:\/\/www.w3.org\/2000\/svg\" viewBox=\"0 0 500 500\" id=\"blobSvg\">\n            <image x=\"0\" y=\"0\" width=\"100%\" height=\"100%\" clip-path=\"url(#shape)\" href=\"https:\/\/triconorspaces.ams3.digitaloceanspaces.com\/20230801100128\/arno-senoner-yqu6tJkSQ_k-unsplash-scaled.jpg\" preserveAspectRatio=\"xMidYMid slice\">\n            <\/image>\n            <clipPath id=\"shape\">\n              <path id=\"blob\" fill=\"url(#gradient)\">\n                <animate attributeName=\"d\" dur=\"15000ms\" repeatCount=\"indefinite\" values=\"M440.5,320.5Q418,391,355.5,442.5Q293,494,226,450.5Q159,407,99,367Q39,327,31.5,247.5Q24,168,89,125.5Q154,83,219.5,68Q285,53,335.5,94.5Q386,136,424.5,193Q463,250,440.5,320.5Z;M453.78747,319.98894Q416.97789,389.97789,353.96683,436.87838Q290.95577,483.77887,223.95577,447.43366Q156.95577,411.08845,105.64373,365.97789Q54.33169,320.86732,62.67444,252.61056Q71.01719,184.3538,113.01965,135.21007Q155.02211,86.06634,220.52211,66.46683Q286.02211,46.86732,335.5,91.94472Q384.97789,137.02211,437.78747,193.51106Q490.59704,250,453.78747,319.98894Z;M411.39826,313.90633Q402.59677,377.81265,342.92059,407.63957Q283.24442,437.46649,215.13648,432.5428Q147.02853,427.61911,82.23325,380.9572Q17.43796,334.29529,20.45223,250.83809Q23.46649,167.38089,82.5856,115.05707Q141.70471,62.73325,212.19045,63.73015Q282.67618,64.72705,352.67308,84.79839Q422.66998,104.86972,421.43486,177.43486Q420.19974,250,411.39826,313.90633Z;M440.5,320.5Q418,391,355.5,442.5Q293,494,226,450.5Q159,407,99,367Q39,327,31.5,247.5Q24,168,89,125.5Q154,83,219.5,68Q285,53,335.5,94.5Q386,136,424.5,193Q463,250,440.5,320.5Z;\">\n                <\/animate>\n              <\/path>\n            <\/clipPath>\n          <\/svg>\n        <\/div>\n              <div class=\"w-full xl:w-10\/12 md:mx-auto my-8 lg:mb-12\">\n      <div class=\"w-full md:w-10\/12 lg:w-9\/12 md:mx-auto\">\n                  <h4 class=\"subtitle text-secondary\"><\/h4>\n                          <h2 class=\"normal text-primary\">Die Lieferkette<\/h2>\n                <div>\n                      <div class=\"prose lg:prose-lg text-[#374151] md:columns-2 md:gap-12 mt-6 md:mt-8 lg:mt-10\">\n              <p>In der heutigen global vernetzten Wirtschaft spielen Distributoren eine wichtige Rolle, wenn es darum geht, den reibungslosen G\u00fcter- und Materialfluss in verschiedenen Industrien zu gew\u00e4hrleisten. Als eines dieser wichtigen Bindeglieder hat sich die Triconor Distribution auf Rohstoffe spezialisiert und \u00fcbernimmt dabei eine einzigartige und essentielle Verantwortung. Wir fungieren als R\u00fcckgrat der Lieferkette, indem wir die effiziente und p\u00fcnktliche Lieferung von Rohstoffen an Hersteller, verarbeitende Betriebe und andere Endnutzer erm\u00f6glichen.<\/p>\n\n            <\/div>\n                            <\/div>\n      <\/div>\n    <\/div>\n  <\/div>\n<\/section>\n\n<section class=\"bg-primary   relative overflow-x-hidden\">\n    <div class=\"container relative z-20\">\n        <div class=\"w-full xl:w-10\/12 md:mx-auto my-8 lg:mb-12\">\n      <div class=\"w-full md:w-10\/12 lg:w-9\/12 md:mx-auto\">\n                          <h2 class=\"normal text-white\">Was k\u00f6nnen wir Ihnen bieten?<\/h2>\n                <div>\n                      <div class=\"prose lg:prose-lg text-white md:columns-2 md:gap-12 mt-6 md:mt-8 lg:mt-10\">\n              <p>Wir bieten erweiterte Leistungen, die weit \u00fcber die blo\u00dfe physikalische Bewegung von Rohstoffen hinausgehen, indem wir umfassende L\u00f6sungen anbieten, die zur Effizienz beitragen, Kosten reduzieren und die Lieferketten optimieren. Wir verstehen, dass unterschiedliche Industrien spezifische Anforderungen an Rohstoffe haben. Deshalb bieten wir ma\u00dfgeschneiderte Sourcing-Leistungen, um Rohmaterial, das spezifischen Standards, und regulatorischen Anforderungen gerecht wird, zu identifizieren und zu beschaffen. Mithilfe unseres ausgedehnten Netzwerks stellen wir bei Triconor sicher, dass Kunden die richtigen, auf deren Anspr\u00fcche zugeschnittenen Materialien erhalten.<\/p>\n<p>Eine unserer wichtigsten erweiterten Leistungen ist die Bestandsverwaltung, sodass Lagerbest\u00e4nde und Markttrends verfolgt werden k\u00f6nnen, w\u00e4hrend wir eng mit unseren Kunden zusammenarbeiten, um die Lagerbest\u00e4nde zu optimieren. Wir helfen unseren Kunden, Engp\u00e4sse zu vermeiden, Kosten zu reduzieren und eine stetige Rohstofflieferung f\u00fcr verschiedene Industrien zu gew\u00e4hrleisten.<\/p>\n\n            <\/div>\n                            <\/div>\n      <\/div>\n    <\/div>\n  <\/div>\n<\/section>\n\n<section class=\"bg-transparent   relative overflow-x-hidden\">\n    <div class=\"container relative z-20\">\n        <div class=\"w-full xl:w-10\/12 md:mx-auto my-8 lg:mb-12\">\n      <div class=\"w-full md:mx-auto grid md:grid-cols-2 md:gap-16 lg:gap-24\">\n                          <h2 class=\"normal text-primary\">Logistik, Sicherheit und technischer Support<\/h2>\n                <div>\n                      <div class=\"prose lg:prose-lg text-[#374151] \">\n              <p>Au\u00dferdem wissen wir bei Triconor, wie wichtig eine termingerechte Lieferung ist, um einen effizienten Herstellungsprozess zu unterst\u00fctzen. Wir bieten bedarfsorientiere Lieferungen und stellen somit sicher, dass das Material genau dann geliefert wird, wenn es ben\u00f6tigt wird. Somit wird die Notwendigkeit der umfangreichen Lagerhaltung f\u00fcr unsere Kunden minimiert. Indem wir die Liefertermine an die Produktionsanspr\u00fcche anpassen, helfen wir unseren Kunden zus\u00e4tzlich, deren betriebliches Handeln zu optimieren und Lagerkosten zu reduzieren.<\/p>\n<p>Zudem verstehen wir bei Triconor, wie wichtig angemessene Verpackung und Labeling sind, um die Unversehrtheit und die Nachvollziehbarkeit von Rohstoffen zu gew\u00e4hrleisten. Wir bieten Verpackungs- und Labeling-Dienstleistungen und gehen so sicher, dass die Rohstoffe nicht nur sicher verpackt und akkurat gelabelt sind, sondern auch \u00fcber die notwendige Dokumentation verf\u00fcgen. Dazu geh\u00f6ren beispielsweise Sicherheitsdatenbl\u00e4tter und Produktinformationen. Dies hilft unseren Kunden dabei, den Empfangsprozess zu verschlanken und den regulatorischen Anforderungen gerecht zu werden.<\/p>\n<p>Zwei weitere Felder, in denen Triconor hervorsticht, sind der technische Support und die Awendungsunterst\u00fctzung. Wir bei Triconor k\u00f6nnen uns auf technische Experten st\u00fctzen, die \u00fcber tiefgehendes Wissen bez\u00fcglich des Materials und dessen Anwendung in verschiedenen Industrien verf\u00fcgen. Wir stellen technischen Support und Anwendungsunterst\u00fctzung bereit, indem wir bei der Materialauswahl, der Bewertung der Kompatibilit\u00e4t und der Performance behilflich sind. Mithilfe unserer Expertise festigen wir die fundierte Entscheidungsfindung unserer Kunden, optimieren deren Rohstoffnutzung und tragen zur Qualit\u00e4tsverbesserung ihrer Produkte bei.<\/p>\n\n            <\/div>\n                            <\/div>\n      <\/div>\n    <\/div>\n  <\/div>\n<\/section>\n\n<section class=\"bg-transparent   relative overflow-x-hidden\">\n  <div>\n    <svg class=\"absolute inset-y-0 w-full h-full object-contain pointer-events-none prose opacity-[0.05] left-0 transform -translate-x-1\/2\" xmlns=\"http:\/\/www.w3.org\/2000\/svg\" viewBox=\"0 0 500 500\" width=\"100%\" id=\"blobSvg\">\n        <path id=\"blob\" stroke=\"currentColor\" fill=\"transparent\" style=\"opacity: 1;\">\n          <animate attributeName=\"d\" dur=\"15000ms\" repeatCount=\"indefinite\" values=\"M440.5,320.5Q418,391,355.5,442.5Q293,494,226,450.5Q159,407,99,367Q39,327,31.5,247.5Q24,168,89,125.5Q154,83,219.5,68Q285,53,335.5,94.5Q386,136,424.5,193Q463,250,440.5,320.5Z;M453.78747,319.98894Q416.97789,389.97789,353.96683,436.87838Q290.95577,483.77887,223.95577,447.43366Q156.95577,411.08845,105.64373,365.97789Q54.33169,320.86732,62.67444,252.61056Q71.01719,184.3538,113.01965,135.21007Q155.02211,86.06634,220.52211,66.46683Q286.02211,46.86732,335.5,91.94472Q384.97789,137.02211,437.78747,193.51106Q490.59704,250,453.78747,319.98894Z;M411.39826,313.90633Q402.59677,377.81265,342.92059,407.63957Q283.24442,437.46649,215.13648,432.5428Q147.02853,427.61911,82.23325,380.9572Q17.43796,334.29529,20.45223,250.83809Q23.46649,167.38089,82.5856,115.05707Q141.70471,62.73325,212.19045,63.73015Q282.67618,64.72705,352.67308,84.79839Q422.66998,104.86972,421.43486,177.43486Q420.19974,250,411.39826,313.90633Z;M440.5,320.5Q418,391,355.5,442.5Q293,494,226,450.5Q159,407,99,367Q39,327,31.5,247.5Q24,168,89,125.5Q154,83,219.5,68Q285,53,335.5,94.5Q386,136,424.5,193Q463,250,440.5,320.5Z;\"><\/animate>\n        <\/path>\n      <\/svg>\n  <\/div>\n  <div class=\"container\">\n    <div class=\"grid md:grid-cols-2 md:gap-8 lg:gap-16\">\n      <div class=\"order-2 md:order-1 flex items-center\">\n        <div class=\"w-full lg:max-w-xl md:mx-auto\">\n                      <h4 class=\"subtitle text-secondary\">Zusatzleistungen von Triconor<\/h4>\n                                <h2 class=\"big text-primary\">Umfangreiches Netzwerk und vertrauensvolle Beziehung<\/h2>\n                    <div>\n                                          <div class=\"xl:max-w-prose mt-8 prose\">\n                  <p>Mit einem umfangreichen Netzwerk von vertrauensvollen Lieferanten und unserem Qualit\u00e4tsengagement sorgen wir daf\u00fcr, dass unser Portfolio eine gro\u00dfe Spanne an Rohstoffen umfasst, mit der wir die unterschiedlichen Bed\u00fcrfnisse unserer Kunden bedienen k\u00f6nnen. Unsere Produktpalette beinhaltet qualitativ hochwertige Rohstoffe, die von zuverl\u00e4ssigen und nachhaltigen Lieferanten weltweit bezogen werden. Wir glauben daran, starke Beziehungen mit unseren Partnern zu pflegen, um die gleichbleibende Zulieferung mit hochwertigen Produkten garantieren zu k\u00f6nnen. Zudem verfolgt unser Expertenteam aufmerksam Trends, die die Industrien bestimmen, sowie den Bedarf am Markt und kann so kontinuierlich unser Portfolio erweitern und auf dem neusten Stand halten. Wir haben den Finger am Puls der Zeit, was die neusten Entwicklungen\u00a0 und Innovationen angeht und erm\u00f6glichen unseren Kunden damit den Zugriff auf modernste Materialien, die den h\u00f6chsten Industriestandards gerecht werden.<\/p>\n\n                <\/div>\n                                                    <div class=\"flex flex-wrap flex-row justify-start space-y-4 sm:space-y-0 md:space-x-4 mt-4 lg:mt-8\">\n      <a target=\"\" href=\"https:\/\/www.triconor.com\/contact\/\" class=\"group button button--primary\">\n      <span>Mehr<\/span>\n          <\/a>\n  <\/div>\n                      <\/div>\n        <\/div>\n      <\/div>\n      <div class=\"relative order-1 mb-4 md:mb-0 md:order-2\">\n                  <svg version=\"1.1\" xmlns=\"http:\/\/www.w3.org\/2000\/svg\" viewBox=\"0 0 500 500\" id=\"blobSvg\">\n            <image x=\"0\" y=\"0\" width=\"100%\" height=\"100%\" clip-path=\"url(#shape)\" href=\"https:\/\/triconorspaces.ams3.digitaloceanspaces.com\/20230727134526\/docusign-V7dZJybxhgc-unsplash.jpg\" preserveAspectRatio=\"xMidYMid slice\">\n            <\/image>\n            <clipPath id=\"shape\">\n              <path id=\"blob\" fill=\"url(#gradient)\">\n                <animate attributeName=\"d\" dur=\"15000ms\" repeatCount=\"indefinite\" values=\"M440.5,320.5Q418,391,355.5,442.5Q293,494,226,450.5Q159,407,99,367Q39,327,31.5,247.5Q24,168,89,125.5Q154,83,219.5,68Q285,53,335.5,94.5Q386,136,424.5,193Q463,250,440.5,320.5Z;M453.78747,319.98894Q416.97789,389.97789,353.96683,436.87838Q290.95577,483.77887,223.95577,447.43366Q156.95577,411.08845,105.64373,365.97789Q54.33169,320.86732,62.67444,252.61056Q71.01719,184.3538,113.01965,135.21007Q155.02211,86.06634,220.52211,66.46683Q286.02211,46.86732,335.5,91.94472Q384.97789,137.02211,437.78747,193.51106Q490.59704,250,453.78747,319.98894Z;M411.39826,313.90633Q402.59677,377.81265,342.92059,407.63957Q283.24442,437.46649,215.13648,432.5428Q147.02853,427.61911,82.23325,380.9572Q17.43796,334.29529,20.45223,250.83809Q23.46649,167.38089,82.5856,115.05707Q141.70471,62.73325,212.19045,63.73015Q282.67618,64.72705,352.67308,84.79839Q422.66998,104.86972,421.43486,177.43486Q420.19974,250,411.39826,313.90633Z;M440.5,320.5Q418,391,355.5,442.5Q293,494,226,450.5Q159,407,99,367Q39,327,31.5,247.5Q24,168,89,125.5Q154,83,219.5,68Q285,53,335.5,94.5Q386,136,424.5,193Q463,250,440.5,320.5Z;\">\n                <\/animate>\n              <\/path>\n            <\/clipPath>\n          <\/svg>\n              <\/div>\n    <\/div>\n  <\/div>\n<\/section>\n\n<section class=\"bg-primary   relative overflow-x-hidden\">\n    <div class=\"container relative z-20\">\n        <div class=\"w-full xl:w-10\/12 md:mx-auto my-8 lg:mb-12\">\n      <div class=\"w-full md:w-10\/12 lg:w-9\/12 md:mx-auto\">\n                  <h4 class=\"subtitle text-secondary\"><\/h4>\n                          <h2 class=\"normal text-white\">Beschaffung von Rohstoffen<\/h2>\n                <div>\n                      <div class=\"prose lg:prose-lg text-white md:columns-2 md:gap-12 mt-6 md:mt-8 lg:mt-10\">\n              <p>Zus\u00e4tzlich zu unserem umfangreichen Portfolio an Rohstoffen, sind wir stolz, Ihnen unsere Expertise in der Beschaffung zus\u00e4tzlicher Produkte anbieten zu d\u00fcrfen. Mit unserem weitreichenden Netzwerk an internationalen Lieferanten und unserem gewissenhaften Sourcing Prozess sind wir gut ausger\u00fcstet, um spezifische Anforderungen f\u00fcr zus\u00e4tzliche Produkte zu erf\u00fcllen. Egal, ob Sie Spezialchmie, Verpackungsmaterial oder andere besondere Produkte ben\u00f6tigen, um Ihren Herstellungs- oder Produktionsprozess zu unterst\u00fctzen, wir verf\u00fcgen \u00fcber die F\u00e4higkeit und die Quellen, um Ihrem Bedarf gerecht zu werden.<\/p>\n<p>Durch das Anbieten dieser erweiterten Dienstleistungen hat sich Triconor auf Rohstoffe spezialisiert, geht \u00fcber die traditionelle Logistik hinaus und bietet umfassende L\u00f6sungen, die die spezifischen Bed\u00fcrfnisse und Herausforderungen unserer Kunden ber\u00fccksichtigen. Mit der ma\u00dfgeschneiderten Abwicklung, dem Bestandsmanagement, der Optimierung der Lieferkette, dem technischen Support, der breitgef\u00e4cherten Produktpalette und dem Sourcen zus\u00e4tzlicher Produkte tragen wir bei Triconor zum Erfolg verschiedener Industrien bei, indem diese sich auf Ihre Rohmaterialien verlassen k\u00f6nnen.<\/p>\n\n            <\/div>\n                            <\/div>\n      <\/div>\n    <\/div>\n  <\/div>\n<\/section>","protected":false},"excerpt":{"rendered":"","protected":false},"author":1,"featured_media":0,"parent":2037,"menu_order":0,"comment_status":"closed","ping_status":"closed","template":"","meta":{"inline_featured_image":false,"footnotes":""},"class_list":["post-2038","page","type-page","status-publish","hentry"],"acf":[],"yoast_head":"<!-- This site is optimized with the Yoast SEO plugin v23.3 - https:\/\/yoast.com\/wordpress\/plugins\/seo\/ -->\n<title>Erweiterte Leistungen | Triconor<\/title>\n<meta name=\"robots\" content=\"index, follow, max-snippet:-1, max-image-preview:large, max-video-preview:-1\" \/>\n<link rel=\"canonical\" href=\"https:\/\/www.triconor.com\/de\/about\/extended-services\/\" \/>\n<meta property=\"og:locale\" content=\"de_DE\" \/>\n<meta property=\"og:type\" content=\"article\" \/>\n<meta property=\"og:title\" content=\"Erweiterte Leistungen | Triconor\" \/>\n<meta property=\"og:url\" content=\"https:\/\/www.triconor.com\/de\/about\/extended-services\/\" \/>\n<meta property=\"og:site_name\" content=\"Triconor\" \/>\n<meta property=\"article:modified_time\" content=\"2024-03-04T13:06:05+00:00\" \/>\n<meta property=\"og:image\" content=\"https:\/\/triconorspaces.ams3.digitaloceanspaces.com\/20230411064147\/triconor.jpg\" \/>\n\t<meta property=\"og:image:width\" content=\"1440\" \/>\n\t<meta property=\"og:image:height\" content=\"960\" \/>\n\t<meta property=\"og:image:type\" content=\"image\/jpeg\" \/>\n<meta name=\"twitter:card\" content=\"summary_large_image\" \/>\n<script type=\"application\/ld+json\" class=\"yoast-schema-graph\">{\"@context\":\"https:\/\/schema.org\",\"@graph\":[{\"@type\":\"WebPage\",\"@id\":\"https:\/\/www.triconor.com\/de\/about\/extended-services\/\",\"url\":\"https:\/\/www.triconor.com\/de\/about\/extended-services\/\",\"name\":\"Erweiterte Leistungen | Triconor\",\"isPartOf\":{\"@id\":\"https:\/\/www.triconor.com\/de\/#website\"},\"datePublished\":\"2023-07-12T06:57:27+00:00\",\"dateModified\":\"2024-03-04T13:06:05+00:00\",\"breadcrumb\":{\"@id\":\"https:\/\/www.triconor.com\/de\/about\/extended-services\/#breadcrumb\"},\"inLanguage\":\"de-DE\",\"potentialAction\":[{\"@type\":\"ReadAction\",\"target\":[\"https:\/\/www.triconor.com\/de\/about\/extended-services\/\"]}]},{\"@type\":\"BreadcrumbList\",\"@id\":\"https:\/\/www.triconor.com\/de\/about\/extended-services\/#breadcrumb\",\"itemListElement\":[{\"@type\":\"ListItem\",\"position\":1,\"name\":\"Home\",\"item\":\"https:\/\/www.triconor.com\/de\/\"},{\"@type\":\"ListItem\",\"position\":2,\"name\":\"\u00dcber uns\",\"item\":\"https:\/\/www.triconor.com\/de\/about\/\"},{\"@type\":\"ListItem\",\"position\":3,\"name\":\"Erweiterte Leistungen\"}]},{\"@type\":\"WebSite\",\"@id\":\"https:\/\/www.triconor.com\/de\/#website\",\"url\":\"https:\/\/www.triconor.com\/de\/\",\"name\":\"Triconor\",\"description\":\"Delivering chemical excellence, worldwide\",\"publisher\":{\"@id\":\"https:\/\/www.triconor.com\/de\/#organization\"},\"potentialAction\":[{\"@type\":\"SearchAction\",\"target\":{\"@type\":\"EntryPoint\",\"urlTemplate\":\"https:\/\/www.triconor.com\/de\/?s={search_term_string}\"},\"query-input\":\"required name=search_term_string\"}],\"inLanguage\":\"de-DE\"},{\"@type\":\"Organization\",\"@id\":\"https:\/\/www.triconor.com\/de\/#organization\",\"name\":\"Triconor\",\"url\":\"https:\/\/www.triconor.com\/de\/\",\"logo\":{\"@type\":\"ImageObject\",\"inLanguage\":\"de-DE\",\"@id\":\"https:\/\/www.triconor.com\/de\/#\/schema\/logo\/image\/\",\"url\":\"https:\/\/triconorspaces.ams3.digitaloceanspaces.com\/20230802152201\/logo.a1d488.svg\",\"contentUrl\":\"https:\/\/triconorspaces.ams3.digitaloceanspaces.com\/20230802152201\/logo.a1d488.svg\",\"width\":\"1024\",\"height\":\"1024\",\"caption\":\"Triconor\"},\"image\":{\"@id\":\"https:\/\/www.triconor.com\/de\/#\/schema\/logo\/image\/\"}}]}<\/script>\n<!-- \/ Yoast SEO plugin. -->","yoast_head_json":{"title":"Erweiterte Leistungen | Triconor","robots":{"index":"index","follow":"follow","max-snippet":"max-snippet:-1","max-image-preview":"max-image-preview:large","max-video-preview":"max-video-preview:-1"},"canonical":"https:\/\/www.triconor.com\/de\/about\/extended-services\/","og_locale":"de_DE","og_type":"article","og_title":"Erweiterte Leistungen | Triconor","og_url":"https:\/\/www.triconor.com\/de\/about\/extended-services\/","og_site_name":"Triconor","article_modified_time":"2024-03-04T13:06:05+00:00","og_image":[{"width":1440,"height":960,"url":"https:\/\/triconorspaces.ams3.digitaloceanspaces.com\/20230411064147\/triconor.jpg","type":"image\/jpeg"}],"twitter_card":"summary_large_image","schema":{"@context":"https:\/\/schema.org","@graph":[{"@type":"WebPage","@id":"https:\/\/www.triconor.com\/de\/about\/extended-services\/","url":"https:\/\/www.triconor.com\/de\/about\/extended-services\/","name":"Erweiterte Leistungen | Triconor","isPartOf":{"@id":"https:\/\/www.triconor.com\/de\/#website"},"datePublished":"2023-07-12T06:57:27+00:00","dateModified":"2024-03-04T13:06:05+00:00","breadcrumb":{"@id":"https:\/\/www.triconor.com\/de\/about\/extended-services\/#breadcrumb"},"inLanguage":"de-DE","potentialAction":[{"@type":"ReadAction","target":["https:\/\/www.triconor.com\/de\/about\/extended-services\/"]}]},{"@type":"BreadcrumbList","@id":"https:\/\/www.triconor.com\/de\/about\/extended-services\/#breadcrumb","itemListElement":[{"@type":"ListItem","position":1,"name":"Home","item":"https:\/\/www.triconor.com\/de\/"},{"@type":"ListItem","position":2,"name":"\u00dcber uns","item":"https:\/\/www.triconor.com\/de\/about\/"},{"@type":"ListItem","position":3,"name":"Erweiterte Leistungen"}]},{"@type":"WebSite","@id":"https:\/\/www.triconor.com\/de\/#website","url":"https:\/\/www.triconor.com\/de\/","name":"Triconor","description":"Delivering chemical excellence, worldwide","publisher":{"@id":"https:\/\/www.triconor.com\/de\/#organization"},"potentialAction":[{"@type":"SearchAction","target":{"@type":"EntryPoint","urlTemplate":"https:\/\/www.triconor.com\/de\/?s={search_term_string}"},"query-input":"required name=search_term_string"}],"inLanguage":"de-DE"},{"@type":"Organization","@id":"https:\/\/www.triconor.com\/de\/#organization","name":"Triconor","url":"https:\/\/www.triconor.com\/de\/","logo":{"@type":"ImageObject","inLanguage":"de-DE","@id":"https:\/\/www.triconor.com\/de\/#\/schema\/logo\/image\/","url":"https:\/\/triconorspaces.ams3.digitaloceanspaces.com\/20230802152201\/logo.a1d488.svg","contentUrl":"https:\/\/triconorspaces.ams3.digitaloceanspaces.com\/20230802152201\/logo.a1d488.svg","width":"1024","height":"1024","caption":"Triconor"},"image":{"@id":"https:\/\/www.triconor.com\/de\/#\/schema\/logo\/image\/"}}]}},"_links":{"self":[{"href":"https:\/\/www.triconor.com\/de\/wp-json\/wp\/v2\/pages\/2038"}],"collection":[{"href":"https:\/\/www.triconor.com\/de\/wp-json\/wp\/v2\/pages"}],"about":[{"href":"https:\/\/www.triconor.com\/de\/wp-json\/wp\/v2\/types\/page"}],"author":[{"embeddable":true,"href":"https:\/\/www.triconor.com\/de\/wp-json\/wp\/v2\/users\/1"}],"replies":[{"embeddable":true,"href":"https:\/\/www.triconor.com\/de\/wp-json\/wp\/v2\/comments?post=2038"}],"version-history":[{"count":24,"href":"https:\/\/www.triconor.com\/de\/wp-json\/wp\/v2\/pages\/2038\/revisions"}],"predecessor-version":[{"id":2132,"href":"https:\/\/www.triconor.com\/de\/wp-json\/wp\/v2\/pages\/2038\/revisions\/2132"}],"up":[{"embeddable":true,"href":"https:\/\/www.triconor.com\/de\/wp-json\/wp\/v2\/pages\/2037"}],"wp:attachment":[{"href":"https:\/\/www.triconor.com\/de\/wp-json\/wp\/v2\/media?parent=2038"}],"curies":[{"name":"wp","href":"https:\/\/api.w.org\/{rel}","templated":true}]}}