{"id":2036,"date":"2023-07-12T08:49:18","date_gmt":"2023-07-12T07:49:18","guid":{"rendered":"https:\/\/www.triconor.com\/sustainability\/"},"modified":"2024-03-31T19:02:21","modified_gmt":"2024-03-31T18:02:21","slug":"sustainability","status":"publish","type":"page","link":"https:\/\/www.triconor.com\/de\/about\/sustainability\/","title":{"rendered":"Nachhaltigkeit"},"content":{"rendered":"<header class=\"!pt-0 p-4 md:p-5 lg:p-6 items-center justify-center overflow-hidden\">\n    <div class=\"  relative rounded-2xl overflow-hidden py-16 md:py-24 lg:py-32 \">\n      <div class=\"container relative z-20\">\n        <div class=\"text-white md:pr-24 lg:pr-0\">\n                      <h4 class=\"subtitle\"><\/h4>\n                               <h1 class=\"normal max-w-4xl\">Nachhaltigkeit<\/h1>\n                                      <\/div>\n      <\/div>\n              <div class=\"absolute inset-0 w-full\">\n          <img loading=\"lazy\" decoding=\"async\" width=\"1920\" height=\"696\" data-src=\"https:\/\/triconorspaces.ams3.digitaloceanspaces.com\/20230419121504\/leon-ephraim-AxoNnnH1Y98-unsplash-e1681906672799.jpg\" class=\"absolute inset-0 w-full h-full object-cover object-center lazyload\" alt=\"\" data-srcset=\"https:\/\/triconorspaces.ams3.digitaloceanspaces.com\/20230419121504\/leon-ephraim-AxoNnnH1Y98-unsplash-e1681906672799.jpg 1920w, https:\/\/triconorspaces.ams3.digitaloceanspaces.com\/20230419121504\/leon-ephraim-AxoNnnH1Y98-unsplash-e1681906672799-300x109.jpg 300w, https:\/\/triconorspaces.ams3.digitaloceanspaces.com\/20230419121504\/leon-ephraim-AxoNnnH1Y98-unsplash-e1681906672799-1024x371.jpg 1024w, https:\/\/triconorspaces.ams3.digitaloceanspaces.com\/20230419121504\/leon-ephraim-AxoNnnH1Y98-unsplash-e1681906672799-768x278.jpg 768w, https:\/\/triconorspaces.ams3.digitaloceanspaces.com\/20230419121504\/leon-ephraim-AxoNnnH1Y98-unsplash-e1681906672799-1536x557.jpg 1536w\" data-sizes=\"(max-width: 1920px) 100vw, 1920px\" src=\"data:image\/gif;base64,R0lGODlhAQABAAAAACH5BAEKAAEALAAAAAABAAEAAAICTAEAOw==\" style=\"--smush-placeholder-width: 1920px; --smush-placeholder-aspect-ratio: 1920\/696;\" \/><noscript><img loading=\"lazy\" decoding=\"async\" width=\"1920\" height=\"696\" src=\"https:\/\/triconorspaces.ams3.digitaloceanspaces.com\/20230419121504\/leon-ephraim-AxoNnnH1Y98-unsplash-e1681906672799.jpg\" class=\"absolute inset-0 w-full h-full object-cover object-center\" alt=\"\" srcset=\"https:\/\/triconorspaces.ams3.digitaloceanspaces.com\/20230419121504\/leon-ephraim-AxoNnnH1Y98-unsplash-e1681906672799.jpg 1920w, https:\/\/triconorspaces.ams3.digitaloceanspaces.com\/20230419121504\/leon-ephraim-AxoNnnH1Y98-unsplash-e1681906672799-300x109.jpg 300w, https:\/\/triconorspaces.ams3.digitaloceanspaces.com\/20230419121504\/leon-ephraim-AxoNnnH1Y98-unsplash-e1681906672799-1024x371.jpg 1024w, https:\/\/triconorspaces.ams3.digitaloceanspaces.com\/20230419121504\/leon-ephraim-AxoNnnH1Y98-unsplash-e1681906672799-768x278.jpg 768w, https:\/\/triconorspaces.ams3.digitaloceanspaces.com\/20230419121504\/leon-ephraim-AxoNnnH1Y98-unsplash-e1681906672799-1536x557.jpg 1536w\" sizes=\"(max-width: 1920px) 100vw, 1920px\" \/><\/noscript>        <\/div>\n            <div class=\"absolute inset-0 bg-gradient-to-b from-primary to-transparent opacity-10\"><\/div>\n      <div class=\"absolute inset-0 bg-gradient-to-b from-black to-transparent opacity-20\"><\/div>\n    <\/div>\n  <\/header>\n\n<section class=\"bg-transparent   relative overflow-x-hidden\">\n      <div>\n      <svg class=\"absolute inset-y-0 w-full h-full object-contain pointer-events-none text-white opacity-50 left-0 transform -translate-x-1\/3\" xmlns=\"http:\/\/www.w3.org\/2000\/svg\" viewBox=\"0 0 500 500\" width=\"100%\" id=\"blobSvg\">\n          <path id=\"blob\" stroke=\"transparent\" fill=\"currentColor\" style=\"opacity: 1;\">\n            <animate attributeName=\"d\" dur=\"15000ms\" repeatCount=\"indefinite\" values=\"M440.5,320.5Q418,391,355.5,442.5Q293,494,226,450.5Q159,407,99,367Q39,327,31.5,247.5Q24,168,89,125.5Q154,83,219.5,68Q285,53,335.5,94.5Q386,136,424.5,193Q463,250,440.5,320.5Z;M453.78747,319.98894Q416.97789,389.97789,353.96683,436.87838Q290.95577,483.77887,223.95577,447.43366Q156.95577,411.08845,105.64373,365.97789Q54.33169,320.86732,62.67444,252.61056Q71.01719,184.3538,113.01965,135.21007Q155.02211,86.06634,220.52211,66.46683Q286.02211,46.86732,335.5,91.94472Q384.97789,137.02211,437.78747,193.51106Q490.59704,250,453.78747,319.98894Z;M411.39826,313.90633Q402.59677,377.81265,342.92059,407.63957Q283.24442,437.46649,215.13648,432.5428Q147.02853,427.61911,82.23325,380.9572Q17.43796,334.29529,20.45223,250.83809Q23.46649,167.38089,82.5856,115.05707Q141.70471,62.73325,212.19045,63.73015Q282.67618,64.72705,352.67308,84.79839Q422.66998,104.86972,421.43486,177.43486Q420.19974,250,411.39826,313.90633Z;M440.5,320.5Q418,391,355.5,442.5Q293,494,226,450.5Q159,407,99,367Q39,327,31.5,247.5Q24,168,89,125.5Q154,83,219.5,68Q285,53,335.5,94.5Q386,136,424.5,193Q463,250,440.5,320.5Z;\"><\/animate>\n          <\/path>\n        <\/svg>\n    <\/div>\n    <div class=\"container relative z-20\">\n                  <div class=\"md:hidden lg:block relative md:absolute md:top-0 md:transform md:-translate-y-24 md:translate-x-1\/2 md:-right-28 xl:right-0 h-auto md:h-full mx-auto w-10\/12 md:w-[32rem]\">\n          <svg version=\"1.1\" xmlns=\"http:\/\/www.w3.org\/2000\/svg\" viewBox=\"0 0 500 500\" id=\"blobSvg\">\n            <image x=\"0\" y=\"0\" width=\"100%\" height=\"100%\" clip-path=\"url(#shape)\" href=\"https:\/\/triconorspaces.ams3.digitaloceanspaces.com\/20230727123849\/triconor_04-scaled.jpg\" preserveAspectRatio=\"xMidYMid slice\">\n            <\/image>\n            <clipPath id=\"shape\">\n              <path id=\"blob\" fill=\"url(#gradient)\">\n                <animate attributeName=\"d\" dur=\"15000ms\" repeatCount=\"indefinite\" values=\"M440.5,320.5Q418,391,355.5,442.5Q293,494,226,450.5Q159,407,99,367Q39,327,31.5,247.5Q24,168,89,125.5Q154,83,219.5,68Q285,53,335.5,94.5Q386,136,424.5,193Q463,250,440.5,320.5Z;M453.78747,319.98894Q416.97789,389.97789,353.96683,436.87838Q290.95577,483.77887,223.95577,447.43366Q156.95577,411.08845,105.64373,365.97789Q54.33169,320.86732,62.67444,252.61056Q71.01719,184.3538,113.01965,135.21007Q155.02211,86.06634,220.52211,66.46683Q286.02211,46.86732,335.5,91.94472Q384.97789,137.02211,437.78747,193.51106Q490.59704,250,453.78747,319.98894Z;M411.39826,313.90633Q402.59677,377.81265,342.92059,407.63957Q283.24442,437.46649,215.13648,432.5428Q147.02853,427.61911,82.23325,380.9572Q17.43796,334.29529,20.45223,250.83809Q23.46649,167.38089,82.5856,115.05707Q141.70471,62.73325,212.19045,63.73015Q282.67618,64.72705,352.67308,84.79839Q422.66998,104.86972,421.43486,177.43486Q420.19974,250,411.39826,313.90633Z;M440.5,320.5Q418,391,355.5,442.5Q293,494,226,450.5Q159,407,99,367Q39,327,31.5,247.5Q24,168,89,125.5Q154,83,219.5,68Q285,53,335.5,94.5Q386,136,424.5,193Q463,250,440.5,320.5Z;\">\n                <\/animate>\n              <\/path>\n            <\/clipPath>\n          <\/svg>\n        <\/div>\n              <div class=\"w-full xl:w-10\/12 md:mx-auto my-8 lg:mb-12\">\n      <div class=\"w-full md:w-10\/12 lg:w-9\/12 md:mx-auto\">\n                  <h4 class=\"subtitle text-secondary\">Nachhaltigkeit<\/h4>\n                          <h2 class=\"normal text-primary\">Unsere Vision<\/h2>\n                <div>\n                      <div class=\"prose lg:prose-lg text-[#374151] md:columns-2 md:gap-12 mt-6 md:mt-8 lg:mt-10\">\n              <p>Nachhaltigkeit ist f\u00fcr Unternehmen verschiedenster Industrien ein dringliches Anliegen geworden und der Distributionssektor bildet hier keine Ausnahme. Wir spielen in der Lieferkette eine wichtige Rolle, da wir f\u00fcr effizienten Transport und Lieferung unserer Produkte in verschiedene Industrien verantwortlich sind.<\/p>\n<p>Da das Bewusstsein \u00fcber den Umwelteinfluss und die soziale Verantwortung immer gr\u00f6\u00dfer wird, nehmen wir zunehmend die Notwendigkeit wahr, nachhaltige Praktiken in unsere Prozesse zu integrieren und wir sind uns der \u00a0bedeutenden Rolle bewusst, die wir spielen, wenn es darum geht, eine nachhaltigere Zukunft zu formen.<\/p>\n<p>Wir glauben fest daran, dass wir zu einer gr\u00fcneren, ethisch korrekteren und sozial verantwortlichen Lieferkette beitragen k\u00f6nnen, indem wir nachhaltige Praktiken in unsere Prozesse und in das Tagesgesch\u00e4ft integrieren.<\/p>\n<p>&nbsp;<\/p>\n\n            <\/div>\n                                              <div class=\"flex flex-wrap flex-row justify-start space-y-4 sm:space-y-0 md:space-x-4 mt-4 lg:mt-8\">\n      <a target=\"\" href=\"https:\/\/www.triconor.com\/about\/\" class=\"group button button--primary\">\n      <span>Mehr \u00fcber uns<\/span>\n          <\/a>\n  <\/div>\n                              <\/div>\n      <\/div>\n    <\/div>\n  <\/div>\n<\/section>\n\n<section class=\"bg-primary   relative overflow-x-hidden\">\n    <div class=\"container relative z-20\">\n        <div class=\"w-full xl:w-10\/12 md:mx-auto my-8 lg:mb-12\">\n      <div class=\"w-full md:w-10\/12 lg:w-9\/12 md:mx-auto\">\n                          <h2 class=\"normal text-white\">Umweltverantwortung<\/h2>\n                <div>\n                      <div class=\"prose lg:prose-lg text-white md:columns-2 md:gap-12 mt-6 md:mt-8 lg:mt-10\">\n              <p>Bei Triconor erkennen wir an, dass Nachhaltigkeit ein breites Spektrum von Prinzipien und Handlungen umfasst. Es geht um weitaus mehr als M\u00fcll zu reduzieren und den Umwelteinfluss zu minimieren &#8211; es geht ebenso darum, sich verantwortliches Sourcing, ein ethisch korrektes Lieferkettenmanagement und gesellschaftliches Engagement zu eigen zu machen. Wir verpflichten uns dazu, diese Themen umfassend anzugehen, um einen positiven Einfluss auf die Umwelt, Gesellschaft und Interessenvertreter zu gew\u00e4hrleisten.<\/p>\n<p>Eine der tragenden S\u00e4ulen unseres Nachhaltigkeitsengagements ist verantwortungsvolles Sourcen. Unser Ansinnen ist es, mit Lieferanten zu arbeiten, die unsere Vorstellung nachhaltiger Praktiken teilen, indem Rohstoffe ausgew\u00e4hlt werden, die umweltfreundlich sind, ethisch korrekt hergestellt werden und ihm Rahmen der Lieferkette nachverfolgbar sind. Indem wir verantwortliches Sourcen priorisieren, stellen wir sicher, dass Materialien, die von uns vertrieben werden, einen verringerten \u00f6kologischen Fu\u00dfabdruck haben, den h\u00f6chsten Qualit\u00e4tsstandards gerecht werden und ethisch korrekt hergestellt werden.<\/p>\n\n            <\/div>\n                            <\/div>\n      <\/div>\n    <\/div>\n  <\/div>\n<\/section>\n\n<section class=\"bg-transparent   relative overflow-x-hidden\">\n    <div class=\"container relative z-20\">\n                  <div class=\"md:hidden lg:block relative md:absolute md:top-0 md:transform md:-translate-y-24 md:translate-x-1\/2 md:-right-28 xl:right-0 h-auto md:h-full mx-auto w-10\/12 md:w-[32rem]\">\n          <svg version=\"1.1\" xmlns=\"http:\/\/www.w3.org\/2000\/svg\" viewBox=\"0 0 500 500\" id=\"blobSvg\">\n            <image x=\"0\" y=\"0\" width=\"100%\" height=\"100%\" clip-path=\"url(#shape)\" href=\"https:\/\/triconorspaces.ams3.digitaloceanspaces.com\/20230801100938\/vadim-gromov-8XFcmzA4WO8-unsplash.jpg\" preserveAspectRatio=\"xMidYMid slice\">\n            <\/image>\n            <clipPath id=\"shape\">\n              <path id=\"blob\" fill=\"url(#gradient)\">\n                <animate attributeName=\"d\" dur=\"15000ms\" repeatCount=\"indefinite\" values=\"M440.5,320.5Q418,391,355.5,442.5Q293,494,226,450.5Q159,407,99,367Q39,327,31.5,247.5Q24,168,89,125.5Q154,83,219.5,68Q285,53,335.5,94.5Q386,136,424.5,193Q463,250,440.5,320.5Z;M453.78747,319.98894Q416.97789,389.97789,353.96683,436.87838Q290.95577,483.77887,223.95577,447.43366Q156.95577,411.08845,105.64373,365.97789Q54.33169,320.86732,62.67444,252.61056Q71.01719,184.3538,113.01965,135.21007Q155.02211,86.06634,220.52211,66.46683Q286.02211,46.86732,335.5,91.94472Q384.97789,137.02211,437.78747,193.51106Q490.59704,250,453.78747,319.98894Z;M411.39826,313.90633Q402.59677,377.81265,342.92059,407.63957Q283.24442,437.46649,215.13648,432.5428Q147.02853,427.61911,82.23325,380.9572Q17.43796,334.29529,20.45223,250.83809Q23.46649,167.38089,82.5856,115.05707Q141.70471,62.73325,212.19045,63.73015Q282.67618,64.72705,352.67308,84.79839Q422.66998,104.86972,421.43486,177.43486Q420.19974,250,411.39826,313.90633Z;M440.5,320.5Q418,391,355.5,442.5Q293,494,226,450.5Q159,407,99,367Q39,327,31.5,247.5Q24,168,89,125.5Q154,83,219.5,68Q285,53,335.5,94.5Q386,136,424.5,193Q463,250,440.5,320.5Z;\">\n                <\/animate>\n              <\/path>\n            <\/clipPath>\n          <\/svg>\n        <\/div>\n              <div class=\"w-full xl:w-10\/12 md:mx-auto my-8 lg:mb-12\">\n      <div class=\"w-full md:w-1\/2\">\n                          <h2 class=\"normal text-primary\">Innovative L\u00f6sungen<\/h2>\n                <div>\n                      <div class=\"prose lg:prose-lg text-[#374151] mt-6 md:mt-8 lg:mt-10\">\n              <p>M\u00fcll zu reduzieren und Ressourcennutzung zu optimieren ist ein weiterer Hauptaspekt unserer Nachhaltigkeitsstrategie. Wir suchen kontinuierlich innovative L\u00f6sungen, um den Energiekonsum, Wasserverbrauch und Emissionen, die mit Transport und Logistik zusammenh\u00e4ngen, zu reduzieren.<\/p>\n<p>Transparenz und Verantwortlichkeit sind fundamentale Prinzipien, auf denen unsere Prozesse basieren. Wir bieten unseren Kunden klare und genaue Informationen \u00fcber Herkunft, Zusammensetzung und Umwelteinfluss der von uns vertriebenen Materialien.<\/p>\n\n            <\/div>\n                            <\/div>\n      <\/div>\n    <\/div>\n  <\/div>\n<\/section>","protected":false},"excerpt":{"rendered":"","protected":false},"author":1,"featured_media":0,"parent":2037,"menu_order":0,"comment_status":"closed","ping_status":"closed","template":"","meta":{"inline_featured_image":false,"footnotes":""},"class_list":["post-2036","page","type-page","status-publish","hentry"],"acf":[],"yoast_head":"<!-- This site is optimized with the Yoast SEO plugin v23.3 - https:\/\/yoast.com\/wordpress\/plugins\/seo\/ -->\n<title>Nachhaltigkeit | Triconor<\/title>\n<meta name=\"robots\" content=\"index, follow, max-snippet:-1, max-image-preview:large, max-video-preview:-1\" \/>\n<link rel=\"canonical\" href=\"https:\/\/www.triconor.com\/de\/about\/sustainability\/\" \/>\n<meta property=\"og:locale\" content=\"de_DE\" \/>\n<meta property=\"og:type\" content=\"article\" \/>\n<meta property=\"og:title\" content=\"Nachhaltigkeit | Triconor\" \/>\n<meta property=\"og:url\" content=\"https:\/\/www.triconor.com\/de\/about\/sustainability\/\" \/>\n<meta property=\"og:site_name\" content=\"Triconor\" \/>\n<meta property=\"article:modified_time\" content=\"2024-03-31T18:02:21+00:00\" \/>\n<meta property=\"og:image\" content=\"https:\/\/triconorspaces.ams3.digitaloceanspaces.com\/20230411064147\/triconor.jpg\" \/>\n\t<meta property=\"og:image:width\" content=\"1440\" \/>\n\t<meta property=\"og:image:height\" content=\"960\" \/>\n\t<meta property=\"og:image:type\" content=\"image\/jpeg\" \/>\n<meta name=\"twitter:card\" content=\"summary_large_image\" \/>\n<script type=\"application\/ld+json\" class=\"yoast-schema-graph\">{\"@context\":\"https:\/\/schema.org\",\"@graph\":[{\"@type\":\"WebPage\",\"@id\":\"https:\/\/www.triconor.com\/de\/about\/sustainability\/\",\"url\":\"https:\/\/www.triconor.com\/de\/about\/sustainability\/\",\"name\":\"Nachhaltigkeit | Triconor\",\"isPartOf\":{\"@id\":\"https:\/\/www.triconor.com\/de\/#website\"},\"datePublished\":\"2023-07-12T07:49:18+00:00\",\"dateModified\":\"2024-03-31T18:02:21+00:00\",\"breadcrumb\":{\"@id\":\"https:\/\/www.triconor.com\/de\/about\/sustainability\/#breadcrumb\"},\"inLanguage\":\"de-DE\",\"potentialAction\":[{\"@type\":\"ReadAction\",\"target\":[\"https:\/\/www.triconor.com\/de\/about\/sustainability\/\"]}]},{\"@type\":\"BreadcrumbList\",\"@id\":\"https:\/\/www.triconor.com\/de\/about\/sustainability\/#breadcrumb\",\"itemListElement\":[{\"@type\":\"ListItem\",\"position\":1,\"name\":\"Home\",\"item\":\"https:\/\/www.triconor.com\/de\/\"},{\"@type\":\"ListItem\",\"position\":2,\"name\":\"\u00dcber uns\",\"item\":\"https:\/\/www.triconor.com\/de\/about\/\"},{\"@type\":\"ListItem\",\"position\":3,\"name\":\"Nachhaltigkeit\"}]},{\"@type\":\"WebSite\",\"@id\":\"https:\/\/www.triconor.com\/de\/#website\",\"url\":\"https:\/\/www.triconor.com\/de\/\",\"name\":\"Triconor\",\"description\":\"Delivering chemical excellence, worldwide\",\"publisher\":{\"@id\":\"https:\/\/www.triconor.com\/de\/#organization\"},\"potentialAction\":[{\"@type\":\"SearchAction\",\"target\":{\"@type\":\"EntryPoint\",\"urlTemplate\":\"https:\/\/www.triconor.com\/de\/?s={search_term_string}\"},\"query-input\":\"required name=search_term_string\"}],\"inLanguage\":\"de-DE\"},{\"@type\":\"Organization\",\"@id\":\"https:\/\/www.triconor.com\/de\/#organization\",\"name\":\"Triconor\",\"url\":\"https:\/\/www.triconor.com\/de\/\",\"logo\":{\"@type\":\"ImageObject\",\"inLanguage\":\"de-DE\",\"@id\":\"https:\/\/www.triconor.com\/de\/#\/schema\/logo\/image\/\",\"url\":\"https:\/\/triconorspaces.ams3.digitaloceanspaces.com\/20230802152201\/logo.a1d488.svg\",\"contentUrl\":\"https:\/\/triconorspaces.ams3.digitaloceanspaces.com\/20230802152201\/logo.a1d488.svg\",\"width\":\"1024\",\"height\":\"1024\",\"caption\":\"Triconor\"},\"image\":{\"@id\":\"https:\/\/www.triconor.com\/de\/#\/schema\/logo\/image\/\"}}]}<\/script>\n<!-- \/ Yoast SEO plugin. -->","yoast_head_json":{"title":"Nachhaltigkeit | Triconor","robots":{"index":"index","follow":"follow","max-snippet":"max-snippet:-1","max-image-preview":"max-image-preview:large","max-video-preview":"max-video-preview:-1"},"canonical":"https:\/\/www.triconor.com\/de\/about\/sustainability\/","og_locale":"de_DE","og_type":"article","og_title":"Nachhaltigkeit | Triconor","og_url":"https:\/\/www.triconor.com\/de\/about\/sustainability\/","og_site_name":"Triconor","article_modified_time":"2024-03-31T18:02:21+00:00","og_image":[{"width":1440,"height":960,"url":"https:\/\/triconorspaces.ams3.digitaloceanspaces.com\/20230411064147\/triconor.jpg","type":"image\/jpeg"}],"twitter_card":"summary_large_image","schema":{"@context":"https:\/\/schema.org","@graph":[{"@type":"WebPage","@id":"https:\/\/www.triconor.com\/de\/about\/sustainability\/","url":"https:\/\/www.triconor.com\/de\/about\/sustainability\/","name":"Nachhaltigkeit | Triconor","isPartOf":{"@id":"https:\/\/www.triconor.com\/de\/#website"},"datePublished":"2023-07-12T07:49:18+00:00","dateModified":"2024-03-31T18:02:21+00:00","breadcrumb":{"@id":"https:\/\/www.triconor.com\/de\/about\/sustainability\/#breadcrumb"},"inLanguage":"de-DE","potentialAction":[{"@type":"ReadAction","target":["https:\/\/www.triconor.com\/de\/about\/sustainability\/"]}]},{"@type":"BreadcrumbList","@id":"https:\/\/www.triconor.com\/de\/about\/sustainability\/#breadcrumb","itemListElement":[{"@type":"ListItem","position":1,"name":"Home","item":"https:\/\/www.triconor.com\/de\/"},{"@type":"ListItem","position":2,"name":"\u00dcber uns","item":"https:\/\/www.triconor.com\/de\/about\/"},{"@type":"ListItem","position":3,"name":"Nachhaltigkeit"}]},{"@type":"WebSite","@id":"https:\/\/www.triconor.com\/de\/#website","url":"https:\/\/www.triconor.com\/de\/","name":"Triconor","description":"Delivering chemical excellence, worldwide","publisher":{"@id":"https:\/\/www.triconor.com\/de\/#organization"},"potentialAction":[{"@type":"SearchAction","target":{"@type":"EntryPoint","urlTemplate":"https:\/\/www.triconor.com\/de\/?s={search_term_string}"},"query-input":"required name=search_term_string"}],"inLanguage":"de-DE"},{"@type":"Organization","@id":"https:\/\/www.triconor.com\/de\/#organization","name":"Triconor","url":"https:\/\/www.triconor.com\/de\/","logo":{"@type":"ImageObject","inLanguage":"de-DE","@id":"https:\/\/www.triconor.com\/de\/#\/schema\/logo\/image\/","url":"https:\/\/triconorspaces.ams3.digitaloceanspaces.com\/20230802152201\/logo.a1d488.svg","contentUrl":"https:\/\/triconorspaces.ams3.digitaloceanspaces.com\/20230802152201\/logo.a1d488.svg","width":"1024","height":"1024","caption":"Triconor"},"image":{"@id":"https:\/\/www.triconor.com\/de\/#\/schema\/logo\/image\/"}}]}},"_links":{"self":[{"href":"https:\/\/www.triconor.com\/de\/wp-json\/wp\/v2\/pages\/2036"}],"collection":[{"href":"https:\/\/www.triconor.com\/de\/wp-json\/wp\/v2\/pages"}],"about":[{"href":"https:\/\/www.triconor.com\/de\/wp-json\/wp\/v2\/types\/page"}],"author":[{"embeddable":true,"href":"https:\/\/www.triconor.com\/de\/wp-json\/wp\/v2\/users\/1"}],"replies":[{"embeddable":true,"href":"https:\/\/www.triconor.com\/de\/wp-json\/wp\/v2\/comments?post=2036"}],"version-history":[{"count":11,"href":"https:\/\/www.triconor.com\/de\/wp-json\/wp\/v2\/pages\/2036\/revisions"}],"predecessor-version":[{"id":2269,"href":"https:\/\/www.triconor.com\/de\/wp-json\/wp\/v2\/pages\/2036\/revisions\/2269"}],"up":[{"embeddable":true,"href":"https:\/\/www.triconor.com\/de\/wp-json\/wp\/v2\/pages\/2037"}],"wp:attachment":[{"href":"https:\/\/www.triconor.com\/de\/wp-json\/wp\/v2\/media?parent=2036"}],"curies":[{"name":"wp","href":"https:\/\/api.w.org\/{rel}","templated":true}]}}